{"id":7947,"date":"2023-09-13T11:41:08","date_gmt":"2023-09-13T15:41:08","guid":{"rendered":"https:\/\/www.maximetal.com\/?page_id=7947"},"modified":"2023-09-13T13:38:57","modified_gmt":"2023-09-13T17:38:57","slug":"politique-de-confidentialite","status":"publish","type":"page","link":"https:\/\/www.maximetal.com\/fr\/politique-de-confidentialite\/","title":{"rendered":"POLITIQUE DE CONFIDENTIALIT\u00c9"},"content":{"rendered":"\n<p>Maxi M\u00e9tal Inc., nomm\u00e9 ci-apr\u00e8s MAXIMETAL, accorde de l\u2019importance au respect de la vie priv\u00e9 des internautes consultant notre site Web. MAXIMETAL respecte votre droit \u00e0 la confidentialit\u00e9 et s\u2019engage \u00e0 prot\u00e9ger les renseignements personnels que vous nous soumettez de bonne foi.<\/p>\n\n\n\n<p><strong>Navigation dans www.maximetal.com<\/strong><\/p>\n\n\n\n<p>Le site www.maximetal.com contient des liens vers des sites externes. L\u2019entreprise n\u2019est pas responsable du contenu de ces sites ni de leurs pratiques relatives \u00e0 la vie priv\u00e9e.<\/p>\n\n\n\n<p><strong>Fichiers t\u00e9moins (cookies) et mesure d\u2019audience Web<\/strong><\/p>\n\n\n\n<p>MAXIMETAL utilise Google Analytics afin de mesurer l\u2019audience Web et les visites sur un site Web. \u00c0 l\u2019aide de fichiers t\u00e9moins (cookies), Google Analytics recueillent des renseignements sur votre navigation; sur une partie ou toutes les pages du site Web. Ces renseignements sont utilis\u00e9s \u00e0 des fins statistiques en vue d\u2019am\u00e9liorer votre exp\u00e9rience.&nbsp; Ces renseignements sont notamment&nbsp;:<\/p>\n\n\n\n<ul class=\"wp-block-list\">\n<li>l\u2019adresse IP tronqu\u00e9e de votre ordinateur (votre adresse IP est modifi\u00e9e, ce qui emp\u00eache de vous y relier),<\/li>\n\n\n\n<li>votre fournisseur de services Internet,<\/li>\n\n\n\n<li>le syst\u00e8me d\u2019exploitation (ex. : Mac OS, Windows),<\/li>\n\n\n\n<li>le type et le mod\u00e8le d\u2019appareil (ex. : iPhone 11),<\/li>\n\n\n\n<li>la r\u00e9solution d\u2019\u00e9cran de l\u2019appareil,<\/li>\n\n\n\n<li>le type et la langue du navigateur (ex. : Chrome, Safari),<\/li>\n\n\n\n<li>la r\u00e9gion ou la municipalit\u00e9, d\u00e9termin\u00e9e d\u2019apr\u00e8s l\u2019adresse IP,<\/li>\n\n\n\n<li>le domaine du site pr\u00e9c\u00e9dent visit\u00e9 (ex. : google.ca),<\/li>\n\n\n\n<li>le point d\u2019origine (ex.&nbsp;: banni\u00e8re, courriel, r\u00e9seau social, etc.)<\/li>\n\n\n\n<li>les pages consult\u00e9es sur notre site (la s\u00e9quence de consultation, les interactions dans la page, la date, l\u2019heure, la dur\u00e9e et la fr\u00e9quence de vos visites et vos activit\u00e9s [clics, d\u00e9filement d\u2019\u00e9cran, etc.].).<\/li>\n<\/ul>\n\n\n\n<p>Rappelons qu\u2019il vous est possible de configurer votre navigateur pour bloquer les t\u00e9moins, mais cela pourrait affecter votre exp\u00e9rience de navigation.<\/p>\n\n\n\n<p><strong>GOOGLE ANALYTICS<\/strong><\/p>\n\n\n\n<p>Google Analytics est un service d\u2019analyse Web qui fournit des statistiques et des outils analytiques de base. Ces donn\u00e9es aident \u00e0 l\u2019optimisation des moteurs de recherche (SEO). Les renseignements sont conserv\u00e9s notamment aux \u00c9tats-Unis. Google peut les communiquer \u00e0 des tiers, en cas d\u2019obligation l\u00e9gale, ou lors de leur traitement pour leur compte. Les renseignements sont aussi partag\u00e9s sur les comptes Google Ads et Google Search Console du gouvernement du Qu\u00e9bec.<\/p>\n\n\n\n<p>Les t\u00e9moins publicitaires de Google sont aussi utilis\u00e9s pour recueillir des renseignements d\u00e9mographiques et de l\u2019information sur les centres d\u2019int\u00e9r\u00eat des internautes. Ces informations ne peuvent \u00eatre associ\u00e9es \u00e0 une personne. Google ne mettra jamais en relation les renseignements collect\u00e9s avec une autre donn\u00e9e ou tout autre renseignement qu\u2019il conserve. Pour avoir plus d\u2019informations sur les renseignements recueillis par Google et l\u2019usage qu\u2019il en est fait, consultez sa&nbsp;<a href=\"https:\/\/policies.google.com\/privacy?hl=fr-CA\">Politique de confidentialit\u00e9 et conditions d\u2019utilisation&nbsp;<\/a>.<\/p>\n\n\n\n<p>Si vous le d\u00e9sirez, vous pouvez emp\u00eacher Google d\u2019enregistrer les renseignements relatifs \u00e0 votre navigation en installant, sur votre ordinateur, le&nbsp;<a href=\"https:\/\/tools.google.com\/dlpage\/gaoptout?hl=fr\">module compl\u00e9mentaire de navigateur pour la d\u00e9sactivation de Google Analytics&nbsp;<\/a>Sur mobile, vous pouvez utiliser un navigateur priv\u00e9 ou utiliser le mode \u00ab&nbsp;priv\u00e9&nbsp;\u00bb.<\/p>\n\n\n\n<p><strong>CONFIDENTIALIT\u00c9<\/strong><\/p>\n\n\n\n<p>Les renseignements personnels recueillis par www.maximetal.com sont trait\u00e9s en conformit\u00e9 avec les lois en vigueur. Ces principes guident notre utilisation des donn\u00e9es lors de la collecte, de l\u2019utilisation, de la communication avec ou sans consentement, de la conservation et de la destruction des renseignements personnels, tout en mettant en place les mesures de s\u00e9curit\u00e9 appropri\u00e9es en fonction de la nature et de la quantit\u00e9 des renseignements recueillis.&nbsp; Dans le cas de demandes de renseignements commerciaux, les num\u00e9ros de t\u00e9l\u00e9phone et les adresses \u00e9lectroniques peuvent \u00eatre communiqu\u00e9s \u00e0 notre r\u00e9seau de distribution agr\u00e9\u00e9.<\/p>\n\n\n\n<p>En tout temps, aucun renseignement permettant de vous identifier personnellement ne sera rassembl\u00e9, \u00e0 part si vous soumettez une demande d\u2019information ou un formulaire d\u2019inscription ou de demande en ligne, un message \u00e9lectronique, ou si vous nous appelez o\u00f9 nous envoyez un courriel.<\/p>\n\n\n\n<p>Nous nous engageons \u00e0 ce que les dossiers de l\u2019entreprise et la documentation, incluant les dossiers \u00e9lectroniques aff\u00e9rents demeurent confidentiels et conserv\u00e9s en lieu s\u00fbr. Les dossiers de l\u2019entreprise seront strictement, et seulement, accessibles aux employ\u00e9s autoris\u00e9s et concern\u00e9s par les divers services de l\u2019entreprise.<\/p>\n\n\n\n<p>Prenez note que les employ\u00e9s doivent se conformer \u00e0 notre code d\u2019\u00e9thique et \u00e0 notre politique de confidentialit\u00e9. Il est \u00e9galement interdit pour ces derniers d\u2019utiliser des renseignements personnels pour promouvoir un int\u00e9r\u00eat personnel, financier ou autre. Tout manquement \u00e0 ces politiques donnera ouverture \u00e0 des sanctions pouvant aller jusqu\u2019\u00e0 la destitution.<\/p>\n\n\n\n<p>Pr\u00e9cisons que les renseignements contenus aux dossiers ne seront pas divulgu\u00e9s par l\u2019entreprise \u00e0 des tiers \u00e0 moins d\u2019avoir obtenu la permission \u00e9crite au pr\u00e9alable par les personnes en cause.<\/p>\n\n\n\n<p><strong>DEMANDE D\u2019INFORMATION<\/strong><\/p>\n\n\n\n<p>Pour toute question ou pr\u00e9occupation, n\u2019h\u00e9sitez pas \u00e0 communiquer avec notre responsable de la protection des renseignements personnels de l\u2019entreprise, Patrick Thomassin, au (418) 228-6637.\u00a0 <\/p>\n\n\n\n<p>Rappelons que notre bureau est situ\u00e9 au 9345 25e Ave, Saint-Georges, QC G6A 1L1.<\/p>\n\n\n\n<p><strong>\u00c0 consulter aussi<\/strong><\/p>\n\n\n\n<p><a href=\"http:\/\/www.cai.gouv.qc.ca\/\">Commission d\u2019acc\u00e8s \u00e0 l\u2019information du Qu\u00e9bec<\/a><\/p>\n\n\n\n<p><a href=\"http:\/\/legisquebec.gouv.qc.ca\/fr\/ShowDoc\/cs\/C-1.1\">Loi concernant le cadre juridique des technologies de l\u2019information<\/a><\/p>\n","protected":false},"excerpt":{"rendered":"<p>Maxi M\u00e9tal Inc., nomm\u00e9 ci-apr\u00e8s MAXIMETAL, accorde de l\u2019importance au respect de la vie priv\u00e9 des internautes consultant notre site Web. MAXIMETAL respecte votre droit \u00e0 la confidentialit\u00e9 et s\u2019engage \u00e0 prot\u00e9ger les renseignements personnels que vous nous soumettez de bonne foi. Navigation dans www.maximetal.com Le site www.maximetal.com contient des liens vers des sites externes. &hellip; <a href=\"https:\/\/www.maximetal.com\/fr\/politique-de-confidentialite\/\">Continued<\/a><\/p>\n","protected":false},"author":3,"featured_media":0,"parent":0,"menu_order":0,"comment_status":"closed","ping_status":"closed","template":"","meta":{"_acf_changed":false,"_monsterinsights_skip_tracking":false,"_monsterinsights_sitenote_active":false,"_monsterinsights_sitenote_note":"","_monsterinsights_sitenote_category":0,"footnotes":""},"class_list":["post-7947","page","type-page","status-publish","hentry"],"acf":[],"yoast_head":"<!-- This site is optimized with the Yoast SEO plugin v26.8 - https:\/\/yoast.com\/product\/yoast-seo-wordpress\/ -->\n<title>POLITIQUE DE CONFIDENTIALIT\u00c9 - MAXIMETAL<\/title>\n<meta name=\"robots\" content=\"index, follow, max-snippet:-1, max-image-preview:large, max-video-preview:-1\" \/>\n<link rel=\"canonical\" href=\"https:\/\/www.maximetal.com\/fr\/politique-de-confidentialite\/\" \/>\n<meta property=\"og:locale\" content=\"fr_FR\" \/>\n<meta property=\"og:type\" content=\"article\" \/>\n<meta property=\"og:title\" content=\"POLITIQUE DE CONFIDENTIALIT\u00c9 - MAXIMETAL\" \/>\n<meta property=\"og:description\" content=\"Maxi M\u00e9tal Inc., nomm\u00e9 ci-apr\u00e8s MAXIMETAL, accorde de l\u2019importance au respect de la vie priv\u00e9 des internautes consultant notre site Web. MAXIMETAL respecte votre droit \u00e0 la confidentialit\u00e9 et s\u2019engage \u00e0 prot\u00e9ger les renseignements personnels que vous nous soumettez de bonne foi. Navigation dans www.maximetal.com Le site www.maximetal.com contient des liens vers des sites externes. &hellip; Continued\" \/>\n<meta property=\"og:url\" content=\"https:\/\/www.maximetal.com\/fr\/politique-de-confidentialite\/\" \/>\n<meta property=\"og:site_name\" content=\"MAXIMETAL\" \/>\n<meta property=\"article:publisher\" content=\"https:\/\/www.facebook.com\/maximetal.ca\" \/>\n<meta property=\"article:modified_time\" content=\"2023-09-13T17:38:57+00:00\" \/>\n<meta name=\"twitter:card\" content=\"summary_large_image\" \/>\n<meta name=\"twitter:label1\" content=\"Dur\u00e9e de lecture estim\u00e9e\" \/>\n\t<meta name=\"twitter:data1\" content=\"4 minutes\" \/>\n<script type=\"application\/ld+json\" class=\"yoast-schema-graph\">{\"@context\":\"https:\/\/schema.org\",\"@graph\":[{\"@type\":\"WebPage\",\"@id\":\"https:\/\/www.maximetal.com\/fr\/politique-de-confidentialite\/\",\"url\":\"https:\/\/www.maximetal.com\/fr\/politique-de-confidentialite\/\",\"name\":\"POLITIQUE DE CONFIDENTIALIT\u00c9 - MAXIMETAL\",\"isPartOf\":{\"@id\":\"https:\/\/www.maximetal.com\/#website\"},\"datePublished\":\"2023-09-13T15:41:08+00:00\",\"dateModified\":\"2023-09-13T17:38:57+00:00\",\"breadcrumb\":{\"@id\":\"https:\/\/www.maximetal.com\/fr\/politique-de-confidentialite\/#breadcrumb\"},\"inLanguage\":\"fr-FR\",\"potentialAction\":[{\"@type\":\"ReadAction\",\"target\":[\"https:\/\/www.maximetal.com\/fr\/politique-de-confidentialite\/\"]}]},{\"@type\":\"BreadcrumbList\",\"@id\":\"https:\/\/www.maximetal.com\/fr\/politique-de-confidentialite\/#breadcrumb\",\"itemListElement\":[{\"@type\":\"ListItem\",\"position\":1,\"name\":\"Accueil\",\"item\":\"https:\/\/www.maximetal.com\/fr\/\"},{\"@type\":\"ListItem\",\"position\":2,\"name\":\"POLITIQUE DE CONFIDENTIALIT\u00c9\"}]},{\"@type\":\"WebSite\",\"@id\":\"https:\/\/www.maximetal.com\/#website\",\"url\":\"https:\/\/www.maximetal.com\/\",\"name\":\"MAXIMETAL\",\"description\":\"\",\"publisher\":{\"@id\":\"https:\/\/www.maximetal.com\/#organization\"},\"potentialAction\":[{\"@type\":\"SearchAction\",\"target\":{\"@type\":\"EntryPoint\",\"urlTemplate\":\"https:\/\/www.maximetal.com\/?s={search_term_string}\"},\"query-input\":{\"@type\":\"PropertyValueSpecification\",\"valueRequired\":true,\"valueName\":\"search_term_string\"}}],\"inLanguage\":\"fr-FR\"},{\"@type\":\"Organization\",\"@id\":\"https:\/\/www.maximetal.com\/#organization\",\"name\":\"MAXIMETAL\",\"url\":\"https:\/\/www.maximetal.com\/\",\"logo\":{\"@type\":\"ImageObject\",\"inLanguage\":\"fr-FR\",\"@id\":\"https:\/\/www.maximetal.com\/#\/schema\/logo\/image\/\",\"url\":\"https:\/\/www.maximetal.com\/wp-content\/uploads\/2020\/11\/yoast.png\",\"contentUrl\":\"https:\/\/www.maximetal.com\/wp-content\/uploads\/2020\/11\/yoast.png\",\"width\":450,\"height\":450,\"caption\":\"MAXIMETAL\"},\"image\":{\"@id\":\"https:\/\/www.maximetal.com\/#\/schema\/logo\/image\/\"},\"sameAs\":[\"https:\/\/www.facebook.com\/maximetal.ca\",\"https:\/\/www.linkedin.com\/company\/maxi-m\u00e9tal-inc\/\",\"https:\/\/www.youtube.com\/channel\/UCKw3H699vroYVt0Fk5IKoNw\"]}]}<\/script>\n<!-- \/ Yoast SEO plugin. -->","yoast_head_json":{"title":"POLITIQUE DE CONFIDENTIALIT\u00c9 - MAXIMETAL","robots":{"index":"index","follow":"follow","max-snippet":"max-snippet:-1","max-image-preview":"max-image-preview:large","max-video-preview":"max-video-preview:-1"},"canonical":"https:\/\/www.maximetal.com\/fr\/politique-de-confidentialite\/","og_locale":"fr_FR","og_type":"article","og_title":"POLITIQUE DE CONFIDENTIALIT\u00c9 - MAXIMETAL","og_description":"Maxi M\u00e9tal Inc., nomm\u00e9 ci-apr\u00e8s MAXIMETAL, accorde de l\u2019importance au respect de la vie priv\u00e9 des internautes consultant notre site Web. MAXIMETAL respecte votre droit \u00e0 la confidentialit\u00e9 et s\u2019engage \u00e0 prot\u00e9ger les renseignements personnels que vous nous soumettez de bonne foi. Navigation dans www.maximetal.com Le site www.maximetal.com contient des liens vers des sites externes. &hellip; Continued","og_url":"https:\/\/www.maximetal.com\/fr\/politique-de-confidentialite\/","og_site_name":"MAXIMETAL","article_publisher":"https:\/\/www.facebook.com\/maximetal.ca","article_modified_time":"2023-09-13T17:38:57+00:00","twitter_card":"summary_large_image","twitter_misc":{"Dur\u00e9e de lecture estim\u00e9e":"4 minutes"},"schema":{"@context":"https:\/\/schema.org","@graph":[{"@type":"WebPage","@id":"https:\/\/www.maximetal.com\/fr\/politique-de-confidentialite\/","url":"https:\/\/www.maximetal.com\/fr\/politique-de-confidentialite\/","name":"POLITIQUE DE CONFIDENTIALIT\u00c9 - MAXIMETAL","isPartOf":{"@id":"https:\/\/www.maximetal.com\/#website"},"datePublished":"2023-09-13T15:41:08+00:00","dateModified":"2023-09-13T17:38:57+00:00","breadcrumb":{"@id":"https:\/\/www.maximetal.com\/fr\/politique-de-confidentialite\/#breadcrumb"},"inLanguage":"fr-FR","potentialAction":[{"@type":"ReadAction","target":["https:\/\/www.maximetal.com\/fr\/politique-de-confidentialite\/"]}]},{"@type":"BreadcrumbList","@id":"https:\/\/www.maximetal.com\/fr\/politique-de-confidentialite\/#breadcrumb","itemListElement":[{"@type":"ListItem","position":1,"name":"Accueil","item":"https:\/\/www.maximetal.com\/fr\/"},{"@type":"ListItem","position":2,"name":"POLITIQUE DE CONFIDENTIALIT\u00c9"}]},{"@type":"WebSite","@id":"https:\/\/www.maximetal.com\/#website","url":"https:\/\/www.maximetal.com\/","name":"MAXIMETAL","description":"","publisher":{"@id":"https:\/\/www.maximetal.com\/#organization"},"potentialAction":[{"@type":"SearchAction","target":{"@type":"EntryPoint","urlTemplate":"https:\/\/www.maximetal.com\/?s={search_term_string}"},"query-input":{"@type":"PropertyValueSpecification","valueRequired":true,"valueName":"search_term_string"}}],"inLanguage":"fr-FR"},{"@type":"Organization","@id":"https:\/\/www.maximetal.com\/#organization","name":"MAXIMETAL","url":"https:\/\/www.maximetal.com\/","logo":{"@type":"ImageObject","inLanguage":"fr-FR","@id":"https:\/\/www.maximetal.com\/#\/schema\/logo\/image\/","url":"https:\/\/www.maximetal.com\/wp-content\/uploads\/2020\/11\/yoast.png","contentUrl":"https:\/\/www.maximetal.com\/wp-content\/uploads\/2020\/11\/yoast.png","width":450,"height":450,"caption":"MAXIMETAL"},"image":{"@id":"https:\/\/www.maximetal.com\/#\/schema\/logo\/image\/"},"sameAs":["https:\/\/www.facebook.com\/maximetal.ca","https:\/\/www.linkedin.com\/company\/maxi-m\u00e9tal-inc\/","https:\/\/www.youtube.com\/channel\/UCKw3H699vroYVt0Fk5IKoNw"]}]}},"_links":{"self":[{"href":"https:\/\/www.maximetal.com\/fr\/wp-json\/wp\/v2\/pages\/7947","targetHints":{"allow":["GET"]}}],"collection":[{"href":"https:\/\/www.maximetal.com\/fr\/wp-json\/wp\/v2\/pages"}],"about":[{"href":"https:\/\/www.maximetal.com\/fr\/wp-json\/wp\/v2\/types\/page"}],"author":[{"embeddable":true,"href":"https:\/\/www.maximetal.com\/fr\/wp-json\/wp\/v2\/users\/3"}],"replies":[{"embeddable":true,"href":"https:\/\/www.maximetal.com\/fr\/wp-json\/wp\/v2\/comments?post=7947"}],"version-history":[{"count":3,"href":"https:\/\/www.maximetal.com\/fr\/wp-json\/wp\/v2\/pages\/7947\/revisions"}],"predecessor-version":[{"id":7956,"href":"https:\/\/www.maximetal.com\/fr\/wp-json\/wp\/v2\/pages\/7947\/revisions\/7956"}],"wp:attachment":[{"href":"https:\/\/www.maximetal.com\/fr\/wp-json\/wp\/v2\/media?parent=7947"}],"curies":[{"name":"wp","href":"https:\/\/api.w.org\/{rel}","templated":true}]}}